{"id":4374,"date":"2023-05-05T15:23:59","date_gmt":"2023-05-05T15:23:59","guid":{"rendered":"https:\/\/www.agsdevices.com\/privacy-policy\/"},"modified":"2023-08-24T15:23:59","modified_gmt":"2023-08-24T15:23:59","slug":"privacy-policy","status":"publish","type":"page","link":"https:\/\/www.agsdevices.com\/pt-br\/privacy-policy\/","title":{"rendered":"POL\u00cdTICA DE PRIVACIDADE"},"content":{"rendered":"\n<h1 class=\"wp-block-heading has-text-align-center\">POL\u00cdTICA DE PRIVACIDADE<\/h1>\n\n\n\n<h2 class=\"wp-block-heading\">Quem somos<\/h2>\n\n\n\n<p>O endere\u00e7o do nosso site \u00e9: <a href=\"https:\/\/www.agsdevices.com\/pt-br\/\" target=\"_blank\" rel=\"noreferrer noopener\">https:\/\/www.agsdevices.com\/<\/a>\u00a0\u00a0<\/p>\n\n\n\n<h2 class=\"wp-block-heading\">Nosso compromisso com a Privacidade<\/h2>\n\n\n\n<p>Sua privacidade \u00e9 importante para a AGS Devices. Para melhor proteger sua privacidade, a\u00a0AGS Devices fornece uma descri\u00e7\u00e3o das nossas pr\u00e1ticas de informa\u00e7\u00f5es, incluindo como coletamos informa\u00e7\u00f5es, por que as coletamos e como elas ser\u00e3o usadas.<\/p>\n\n\n\n<h2 class=\"wp-block-heading\">Quais informa\u00e7\u00f5es coletamos?<\/h2>\n\n\n\n<p>N\u00f3s coletamos informa\u00e7\u00f5es enviadas atrav\u00e9s de nossos formul\u00e1rios de contato e p\u00e1ginas. Essas informa\u00e7\u00f5es devem ser fornecidas expressa e voluntariamente a n\u00f3s; a AGS Devices n\u00e3o coleta informa\u00e7\u00f5es sem que voc\u00ea tome a decis\u00e3o consciente de fornec\u00ea-las a n\u00f3s.<\/p>\n\n\n\n<p>Algumas das informa\u00e7\u00f5es que voc\u00ea pode fornecer incluem seu nome, endere\u00e7o de e-mail e&nbsp;n\u00famero de telefone. As informa\u00e7\u00f5es est\u00e3o relacionadas a projetos, servi\u00e7os e faturamento. As&nbsp;informa\u00e7\u00f5es tamb\u00e9m podem ser coletadas em conversas de telefone ou e-mail por meio de&nbsp;representantes oficiais da AGS Devices.<\/p>\n\n\n\n<p>Al\u00e9m disso, a AGS Devices pode coletar informa\u00e7\u00f5es sobre terceiros que estejam especificamente relacionadas a voc\u00ea, ao seu projeto ou aos servi\u00e7os que voc\u00ea solicitou.<\/p>\n\n\n\n<h2 class=\"wp-block-heading\">Como usamos as informa\u00e7\u00f5es que coletamos?<\/h2>\n\n\n\n<p>As informa\u00e7\u00f5es que a AGS Devices coleta s\u00e3o usadas para fornecer servi\u00e7os a voc\u00ea. Algumas maneiras que podemos usar suas informa\u00e7\u00f5es incluem, mas n\u00e3o est\u00e3o limitadas a, suporte na web, atendimento ao cliente, atualiza\u00e7\u00f5es por e-mail sobre o projeto, boletins informativos e\u00a0contato direto em rela\u00e7\u00e3o ao projeto e servi\u00e7os.<\/p>\n\n\n\n<h2 class=\"wp-block-heading\">Coment\u00e1rios<\/h2>\n\n\n\n<p>Quando os visitantes deixam coment\u00e1rios no site, coletamos os dados exibidos no formul\u00e1rio de coment\u00e1rios e tamb\u00e9m o endere\u00e7o IP do visitante e a cadeia de caracteres do agente do usu\u00e1rio do navegador para ajudar na detec\u00e7\u00e3o de spam.<\/p>\n\n\n\n<p>Uma cadeia de caracteres an\u00f4nima criada a partir do seu endere\u00e7o de e-mail (tamb\u00e9m chamada de hash) pode ser fornecida ao servi\u00e7o Gravatar para ver se voc\u00ea est\u00e1 a usando. A\u00a0pol\u00edtica de privacidade do servi\u00e7o Gravatar est\u00e1 dispon\u00edvel aqui: <a href=\"https:\/\/automattic.com\/privacy\/\">https:\/\/automattic.com\/privacy\/<\/a>. Ap\u00f3s a aprova\u00e7\u00e3o do seu coment\u00e1rio, a sua foto de perfil fica vis\u00edvel para o p\u00fablico no contexto do seu coment\u00e1rio.<\/p>\n\n\n\n<h2 class=\"wp-block-heading\">Cookies&nbsp;<\/h2>\n\n\n\n<p>Se voc\u00ea deixar um coment\u00e1rio em nosso site, voc\u00ea pode optar por salvar seu nome, endere\u00e7o de e-mail e site nos cookies. Os cookies s\u00e3o para sua conveni\u00eancia para que voc\u00ea n\u00e3o precise preencher seus dados novamente ao deixar outro coment\u00e1rio. Esses cookies t\u00eam dura\u00e7\u00e3o de um ano.<\/p>\n\n\n\n<h2 class=\"wp-block-heading\">Remarketing<\/h2>\n\n\n\n<p>A AGS Devices usa cookies para exibir an\u00fancios de remarketing. Eles s\u00e3o baseados nas visitas anteriores de um usu\u00e1rio ao site <a href=\"https:\/\/www.agsdevices.com\/pt-br\/\">https:\/\/www.agsdevices.com\/<\/a> e podem ser vistos em outros sites na Internet.<\/p>\n\n\n\n<p>Os usu\u00e1rios podem desativar os cookies por meio do Google a qualquer momento visitando o&nbsp;Gerenciador de prefer\u00eancias do Google Ads.<\/p>\n\n\n\n<h2 class=\"wp-block-heading\">Sites de terceiros<\/h2>\n\n\n\n<p>O site da AGS Devices pode fornecer links para sites de terceiros. A AGS Devices n\u00e3o tem controle sobre esses sites ou seu conte\u00fado, que t\u00eam suas pr\u00f3prias pol\u00edticas de privacidade exclusivas e independentes. Assim, n\u00e3o assumimos qualquer responsabilidade ou obriga\u00e7\u00e3o por esses sites.<\/p>\n\n\n\n<p>A AGS Devices tamb\u00e9m n\u00e3o endossa esses sites, incluindo as informa\u00e7\u00f5es e produtos encontrados neles. Voc\u00ea opta por visitar um dos sites de terceiros vinculados neste site a seu pr\u00f3prio crit\u00e9rio e risco.<\/p>\n\n\n\n<h2 class=\"wp-block-heading\">A AGS Devices est\u00e1 comprometida com a seguran\u00e7a de dados<\/h2>\n\n\n\n<p>A fim de manter a seguran\u00e7a dos dados, o uso adequado das informa\u00e7\u00f5es e a precis\u00e3o das informa\u00e7\u00f5es, a AGS Devices tem pr\u00e1ticas para proteger as informa\u00e7\u00f5es que coletamos on-line e off-line.<\/p>\n\n\n\n<h2 class=\"wp-block-heading\">Nossa Pol\u00edtica de Privacidade e seu consentimento<\/h2>\n\n\n\n<p>Ao usar nosso site, voc\u00ea concorda com a Pol\u00edtica de Privacidade da AGS Devices.<\/p>\n\n\n\n<p>Quaisquer altera\u00e7\u00f5es \u00e0 nossa Pol\u00edtica de Privacidade ser\u00e3o publicadas nesta p\u00e1gina da web.<\/p>\n","protected":false},"excerpt":{"rendered":"<p>POL\u00cdTICA DE PRIVACIDADE Quem somos O endere\u00e7o do nosso site \u00e9: https:\/\/www.agsdevices.com\/\u00a0\u00a0 Nosso compromisso com a Privacidade Sua privacidade \u00e9 importante para a AGS Devices. Para melhor proteger sua privacidade, a\u00a0AGS Devices fornece uma descri\u00e7\u00e3o das nossas pr\u00e1ticas de informa\u00e7\u00f5es, incluindo como coletamos informa\u00e7\u00f5es, por que as coletamos e como elas ser\u00e3o usadas. Quais informa\u00e7\u00f5es&#8230;<\/p>\n","protected":false},"author":1,"featured_media":0,"parent":0,"menu_order":0,"comment_status":"closed","ping_status":"closed","template":"templates\/template-simple-text.php","meta":{"_acf_changed":false,"inline_featured_image":false,"footnotes":""},"class_list":["post-4374","page","type-page","status-publish","hentry"],"acf":[],"yoast_head":"<!-- This site is optimized with the Yoast SEO plugin v27.4 - https:\/\/yoast.com\/product\/yoast-seo-wordpress\/ -->\n<title>POL\u00cdTICA DE PRIVACIDADE - AGS Devices<\/title>\n<meta name=\"robots\" content=\"index, follow, max-snippet:-1, max-image-preview:large, max-video-preview:-1\" \/>\n<link rel=\"canonical\" href=\"https:\/\/www.agsdevices.com\/pt-br\/privacy-policy\/\" \/>\n<meta property=\"og:locale\" content=\"pt_BR\" \/>\n<meta property=\"og:type\" content=\"article\" \/>\n<meta property=\"og:title\" content=\"POL\u00cdTICA DE PRIVACIDADE - AGS Devices\" \/>\n<meta property=\"og:description\" content=\"POL\u00cdTICA DE PRIVACIDADE Quem somos O endere\u00e7o do nosso site \u00e9: https:\/\/www.agsdevices.com\/\u00a0\u00a0 Nosso compromisso com a Privacidade Sua privacidade \u00e9 importante para a AGS Devices. Para melhor proteger sua privacidade, a\u00a0AGS Devices fornece uma descri\u00e7\u00e3o das nossas pr\u00e1ticas de informa\u00e7\u00f5es, incluindo como coletamos informa\u00e7\u00f5es, por que as coletamos e como elas ser\u00e3o usadas. Quais informa\u00e7\u00f5es...\" \/>\n<meta property=\"og:url\" content=\"https:\/\/www.agsdevices.com\/pt-br\/privacy-policy\/\" \/>\n<meta property=\"og:site_name\" content=\"AGS Devices\" \/>\n<meta property=\"article:modified_time\" content=\"2023-08-24T15:23:59+00:00\" \/>\n<meta name=\"twitter:card\" content=\"summary_large_image\" \/>\n<meta name=\"twitter:label1\" content=\"Est. tempo de leitura\" \/>\n\t<meta name=\"twitter:data1\" content=\"3 minutos\" \/>\n<script type=\"application\/ld+json\" class=\"yoast-schema-graph\">{\"@context\":\"https:\\\/\\\/schema.org\",\"@graph\":[{\"@type\":\"WebPage\",\"@id\":\"https:\\\/\\\/www.agsdevices.com\\\/pt-br\\\/privacy-policy\\\/\",\"url\":\"https:\\\/\\\/www.agsdevices.com\\\/pt-br\\\/privacy-policy\\\/\",\"name\":\"POL\u00cdTICA DE PRIVACIDADE - AGS Devices\",\"isPartOf\":{\"@id\":\"https:\\\/\\\/www.agsdevices.com\\\/pt-br\\\/#website\"},\"datePublished\":\"2023-05-05T15:23:59+00:00\",\"dateModified\":\"2023-08-24T15:23:59+00:00\",\"breadcrumb\":{\"@id\":\"https:\\\/\\\/www.agsdevices.com\\\/pt-br\\\/privacy-policy\\\/#breadcrumb\"},\"inLanguage\":\"pt-BR\",\"potentialAction\":[{\"@type\":\"ReadAction\",\"target\":[\"https:\\\/\\\/www.agsdevices.com\\\/pt-br\\\/privacy-policy\\\/\"]}]},{\"@type\":\"BreadcrumbList\",\"@id\":\"https:\\\/\\\/www.agsdevices.com\\\/pt-br\\\/privacy-policy\\\/#breadcrumb\",\"itemListElement\":[{\"@type\":\"ListItem\",\"position\":1,\"name\":\"Home\",\"item\":\"https:\\\/\\\/www.agsdevices.com\\\/pt-br\\\/\"},{\"@type\":\"ListItem\",\"position\":2,\"name\":\"POL\u00cdTICA DE PRIVACIDADE\"}]},{\"@type\":\"WebSite\",\"@id\":\"https:\\\/\\\/www.agsdevices.com\\\/pt-br\\\/#website\",\"url\":\"https:\\\/\\\/www.agsdevices.com\\\/pt-br\\\/\",\"name\":\"AGS Devices\",\"description\":\"\",\"potentialAction\":[{\"@type\":\"SearchAction\",\"target\":{\"@type\":\"EntryPoint\",\"urlTemplate\":\"https:\\\/\\\/www.agsdevices.com\\\/pt-br\\\/?s={search_term_string}\"},\"query-input\":{\"@type\":\"PropertyValueSpecification\",\"valueRequired\":true,\"valueName\":\"search_term_string\"}}],\"inLanguage\":\"pt-BR\"}]}<\/script>\n<!-- \/ Yoast SEO plugin. -->","yoast_head_json":{"title":"POL\u00cdTICA DE PRIVACIDADE - AGS Devices","robots":{"index":"index","follow":"follow","max-snippet":"max-snippet:-1","max-image-preview":"max-image-preview:large","max-video-preview":"max-video-preview:-1"},"canonical":"https:\/\/www.agsdevices.com\/pt-br\/privacy-policy\/","og_locale":"pt_BR","og_type":"article","og_title":"POL\u00cdTICA DE PRIVACIDADE - AGS Devices","og_description":"POL\u00cdTICA DE PRIVACIDADE Quem somos O endere\u00e7o do nosso site \u00e9: https:\/\/www.agsdevices.com\/\u00a0\u00a0 Nosso compromisso com a Privacidade Sua privacidade \u00e9 importante para a AGS Devices. Para melhor proteger sua privacidade, a\u00a0AGS Devices fornece uma descri\u00e7\u00e3o das nossas pr\u00e1ticas de informa\u00e7\u00f5es, incluindo como coletamos informa\u00e7\u00f5es, por que as coletamos e como elas ser\u00e3o usadas. Quais informa\u00e7\u00f5es...","og_url":"https:\/\/www.agsdevices.com\/pt-br\/privacy-policy\/","og_site_name":"AGS Devices","article_modified_time":"2023-08-24T15:23:59+00:00","twitter_card":"summary_large_image","twitter_misc":{"Est. tempo de leitura":"3 minutos"},"schema":{"@context":"https:\/\/schema.org","@graph":[{"@type":"WebPage","@id":"https:\/\/www.agsdevices.com\/pt-br\/privacy-policy\/","url":"https:\/\/www.agsdevices.com\/pt-br\/privacy-policy\/","name":"POL\u00cdTICA DE PRIVACIDADE - AGS Devices","isPartOf":{"@id":"https:\/\/www.agsdevices.com\/pt-br\/#website"},"datePublished":"2023-05-05T15:23:59+00:00","dateModified":"2023-08-24T15:23:59+00:00","breadcrumb":{"@id":"https:\/\/www.agsdevices.com\/pt-br\/privacy-policy\/#breadcrumb"},"inLanguage":"pt-BR","potentialAction":[{"@type":"ReadAction","target":["https:\/\/www.agsdevices.com\/pt-br\/privacy-policy\/"]}]},{"@type":"BreadcrumbList","@id":"https:\/\/www.agsdevices.com\/pt-br\/privacy-policy\/#breadcrumb","itemListElement":[{"@type":"ListItem","position":1,"name":"Home","item":"https:\/\/www.agsdevices.com\/pt-br\/"},{"@type":"ListItem","position":2,"name":"POL\u00cdTICA DE PRIVACIDADE"}]},{"@type":"WebSite","@id":"https:\/\/www.agsdevices.com\/pt-br\/#website","url":"https:\/\/www.agsdevices.com\/pt-br\/","name":"AGS Devices","description":"","potentialAction":[{"@type":"SearchAction","target":{"@type":"EntryPoint","urlTemplate":"https:\/\/www.agsdevices.com\/pt-br\/?s={search_term_string}"},"query-input":{"@type":"PropertyValueSpecification","valueRequired":true,"valueName":"search_term_string"}}],"inLanguage":"pt-BR"}]}},"_links":{"self":[{"href":"https:\/\/www.agsdevices.com\/pt-br\/wp-json\/wp\/v2\/pages\/4374","targetHints":{"allow":["GET"]}}],"collection":[{"href":"https:\/\/www.agsdevices.com\/pt-br\/wp-json\/wp\/v2\/pages"}],"about":[{"href":"https:\/\/www.agsdevices.com\/pt-br\/wp-json\/wp\/v2\/types\/page"}],"author":[{"embeddable":true,"href":"https:\/\/www.agsdevices.com\/pt-br\/wp-json\/wp\/v2\/users\/1"}],"replies":[{"embeddable":true,"href":"https:\/\/www.agsdevices.com\/pt-br\/wp-json\/wp\/v2\/comments?post=4374"}],"version-history":[{"count":1,"href":"https:\/\/www.agsdevices.com\/pt-br\/wp-json\/wp\/v2\/pages\/4374\/revisions"}],"predecessor-version":[{"id":4387,"href":"https:\/\/www.agsdevices.com\/pt-br\/wp-json\/wp\/v2\/pages\/4374\/revisions\/4387"}],"wp:attachment":[{"href":"https:\/\/www.agsdevices.com\/pt-br\/wp-json\/wp\/v2\/media?parent=4374"}],"curies":[{"name":"wp","href":"https:\/\/api.w.org\/{rel}","templated":true}]}}