{"id":7931,"date":"2023-05-05T15:23:59","date_gmt":"2023-05-05T15:23:59","guid":{"rendered":"https:\/\/www.agsdevices.com\/privacy-policy\/"},"modified":"2025-09-17T16:29:48","modified_gmt":"2025-09-17T16:29:48","slug":"privacy-policy","status":"publish","type":"page","link":"https:\/\/www.agsdevices.com\/mx\/privacy-policy\/","title":{"rendered":"POL\u00cdTICA DE PRIVACIDAD"},"content":{"rendered":"\n<h1 class=\"wp-block-heading has-text-align-center\">POL\u00cdTICA DE PRIVACIDAD<\/h1>\n\n\n\n<h2 class=\"wp-block-heading\">Qui\u00e9nes somos<\/h2>\n\n\n\n<p>La direcci\u00f3n de nuestro sitio web es: <a href=\"https:\/\/www.agsdevices.com\/es\/\" target=\"_blank\" rel=\"noreferrer noopener\">https:\/\/www.agsdevices.com\/<\/a>&nbsp;&nbsp;<\/p>\n\n\n\n<h2 class=\"wp-block-heading\">Nuestro compromiso con la privacidad<\/h2>\n\n\n\n<p>Su privacidad es importante para AGS&nbsp;Devices. Con el fin de proteger mejor su privacidad, AGS&nbsp;Devices proporciona una descripci\u00f3n de nuestras pr\u00e1cticas de informaci\u00f3n, incluida la forma en que recopilamos informaci\u00f3n, por qu\u00e9 la recopilamos y c\u00f3mo se utilizar\u00e1.<\/p>\n\n\n\n<h2 class=\"wp-block-heading\">\u00bfQu\u00e9 informaci\u00f3n recopilamos?<\/h2>\n\n\n\n<p>Recopilamos informaci\u00f3n que se env\u00eda a trav\u00e9s de nuestros formularios y p\u00e1ginas de contacto. Esta informaci\u00f3n debe proporcionarse de forma expresa y voluntaria: AGS&nbsp;Devices no la recopila sin que usted tome la decisi\u00f3n de proporcionarnos dicha informaci\u00f3n intencionadamente.<\/p>\n\n\n\n<p>Parte de la informaci\u00f3n que puede proporcionar incluye su nombre, direcci\u00f3n de correo electr\u00f3nico y n\u00famero de tel\u00e9fono. La informaci\u00f3n est\u00e1 relacionada con proyectos, servicios y&nbsp;facturaci\u00f3n. La informaci\u00f3n tambi\u00e9n se puede recopilar a trav\u00e9s de conversaciones telef\u00f3nicas o por correo electr\u00f3nico a trav\u00e9s de representantes oficiales de AGS&nbsp;Devices.<\/p>\n\n\n\n<p>Asimismo, AGS&nbsp;Devices puede recopilar informaci\u00f3n sobre terceros que est\u00e9 espec\u00edficamente relacionada con usted, su proyecto o los servicios que solicit\u00f3.<\/p>\n\n\n\n<h2 class=\"wp-block-heading\">\u00bfC\u00f3mo utilizamos la informaci\u00f3n que recopilamos?<\/h2>\n\n\n\n<p>La informaci\u00f3n que AGS&nbsp;Devices recopila se utiliza para proporcionarle servicios. Algunas de las formas en que podr\u00edamos utilizar su informaci\u00f3n incluyen, entre otras, soporte t\u00e9cnico web, servicio al cliente, actualizaciones sobre el proyecto por correo electr\u00f3nico, boletines informativos y contacto directo en relaci\u00f3n con el proyecto y los servicios.<\/p>\n\n\n\n<h2 class=\"wp-block-heading\">Comentarios<\/h2>\n\n\n\n<p>Cuando los visitantes dejan comentarios en el sitio, recopilamos los datos que se muestran en el formulario de comentarios, as\u00ed como la direcci\u00f3n IP del visitante y la cadena de agente de usuario del navegador para facilitar la detecci\u00f3n de spam.<\/p>\n\n\n\n<p>Se puede proporcionar una cadena an\u00f3nima creada desde su direcci\u00f3n de correo electr\u00f3nico (tambi\u00e9n llamada hash) al servicio Gravatar para ver si la est\u00e1 utilizando. Aqu\u00ed puede encontrar la pol\u00edtica de privacidad del servicio Gravatar: <a href=\"https:\/\/automattic.com\/privacy\/\">https:\/\/automattic.com\/privacy\/<\/a>. Una vez aprobado su comentario, la foto de su perfil ser\u00e1 visible para el p\u00fablico en el contexto de su&nbsp;comentario.<\/p>\n\n\n\n<h2 class=\"wp-block-heading\">Cookies&nbsp;<\/h2>\n\n\n\n<p>Si deja un comentario en nuestro sitio, puede optar por guardar su nombre, direcci\u00f3n de correo electr\u00f3nico y sitio web en cookies. Las cookies se utilizan para su comodidad, para que no tenga que volver a completar sus datos cuando deje otro comentario, y tendr\u00e1n una duraci\u00f3n de un a\u00f1o.<\/p>\n\n\n\n<h2 class=\"wp-block-heading\">Remarketing<\/h2>\n\n\n\n<p>AGS&nbsp;Devices utiliza cookies para mostrar anuncios de remarketing. Estos anuncios se basan en las visitas anteriores que realiz\u00f3 un usuario al sitio <a href=\"https:\/\/www.agsdevices.com\/es\/\">https:\/\/www.agsdevices.com\/<\/a> y se pueden ver en otros sitios web en Internet.<\/p>\n\n\n\n<p>Los usuarios pueden optar por no aceptar cookies a trav\u00e9s de Google en cualquier momento visitando el Administrador de preferencias de anuncios de Google.<\/p>\n\n\n\n<h2 class=\"wp-block-heading\">Sitios web de terceros<\/h2>\n\n\n\n<p>El sitio web de AGS&nbsp;Devices puede incluir enlaces a sitios web de terceros. AGS&nbsp;Devices no&nbsp;tiene control sobre estos sitios web ni sobre su contenido, ya que se rigen por sus propias pol\u00edticas de privacidad espec\u00edficas e independientes. Por lo tanto, no asumimos ninguna responsabilidad ni obligaci\u00f3n en relaci\u00f3n con dichos sitios web.<\/p>\n\n\n\n<p>AGS&nbsp;Devices tampoco avala dichos sitios web, incluida la informaci\u00f3n y los productos que se&nbsp;encuentran en ellos. Si decide visitar uno de los sitios web de terceros cuyos enlaces se incluyen en este sitio web, lo har\u00e1 a su propia discreci\u00f3n y riesgo.<\/p>\n\n\n\n<h2 class=\"wp-block-heading\">AGS&nbsp;Devices est\u00e1 comprometido con la seguridad de los datos<\/h2>\n\n\n\n<p>Con el fin de mantener la seguridad de los datos, el uso adecuado de la informaci\u00f3n y&nbsp;la&nbsp;exactitud de la informaci\u00f3n, AGS&nbsp;Devices cuenta con pr\u00e1cticas adecuadas para proteger la&nbsp;informaci\u00f3n que recopilamos en l\u00ednea y fuera de l\u00ednea.<\/p>\n\n\n\n<h2 class=\"wp-block-heading\">Nuestra pol\u00edtica de privacidad y su consentimiento<\/h2>\n\n\n\n<p>Al utilizar nuestro sitio web, usted acepta la pol\u00edtica de privacidad de AGS&nbsp;Devices.<\/p>\n\n\n\n<p>En el caso de que realicemos alg\u00fan cambio en nuestra pol\u00edtica de privacidad, estos se publicar\u00e1n en esta p\u00e1gina web.<\/p>\n","protected":false},"excerpt":{"rendered":"<p>POL\u00cdTICA DE PRIVACIDAD Qui\u00e9nes somos La direcci\u00f3n de nuestro sitio web es: https:\/\/www.agsdevices.com\/&nbsp;&nbsp; Nuestro compromiso con la privacidad Su privacidad es importante para AGS&nbsp;Devices. Con el fin de proteger mejor su privacidad, AGS&nbsp;Devices proporciona una descripci\u00f3n de nuestras pr\u00e1cticas de informaci\u00f3n, incluida la forma en que recopilamos informaci\u00f3n, por qu\u00e9 la recopilamos y c\u00f3mo se&#8230;<\/p>\n","protected":false},"author":1,"featured_media":0,"parent":0,"menu_order":0,"comment_status":"closed","ping_status":"closed","template":"templates\/template-simple-text.php","meta":{"_acf_changed":false,"inline_featured_image":false,"footnotes":""},"class_list":["post-7931","page","type-page","status-publish","hentry"],"acf":[],"yoast_head":"<!-- This site is optimized with the Yoast SEO plugin v27.4 - https:\/\/yoast.com\/product\/yoast-seo-wordpress\/ -->\n<title>POL\u00cdTICA DE PRIVACIDAD - AGS Devices<\/title>\n<meta name=\"robots\" content=\"index, follow, max-snippet:-1, max-image-preview:large, max-video-preview:-1\" \/>\n<link rel=\"canonical\" href=\"https:\/\/www.agsdevices.com\/mx\/privacy-policy\/\" \/>\n<meta property=\"og:locale\" content=\"es_MX\" \/>\n<meta property=\"og:type\" content=\"article\" \/>\n<meta property=\"og:title\" content=\"POL\u00cdTICA DE PRIVACIDAD - AGS Devices\" \/>\n<meta property=\"og:description\" content=\"POL\u00cdTICA DE PRIVACIDAD Qui\u00e9nes somos La direcci\u00f3n de nuestro sitio web es: https:\/\/www.agsdevices.com\/&nbsp;&nbsp; Nuestro compromiso con la privacidad Su privacidad es importante para AGS&nbsp;Devices. Con el fin de proteger mejor su privacidad, AGS&nbsp;Devices proporciona una descripci\u00f3n de nuestras pr\u00e1cticas de informaci\u00f3n, incluida la forma en que recopilamos informaci\u00f3n, por qu\u00e9 la recopilamos y c\u00f3mo se...\" \/>\n<meta property=\"og:url\" content=\"https:\/\/www.agsdevices.com\/mx\/privacy-policy\/\" \/>\n<meta property=\"og:site_name\" content=\"AGS Devices\" \/>\n<meta property=\"article:modified_time\" content=\"2025-09-17T16:29:48+00:00\" \/>\n<meta name=\"twitter:card\" content=\"summary_large_image\" \/>\n<script type=\"application\/ld+json\" class=\"yoast-schema-graph\">{\"@context\":\"https:\\\/\\\/schema.org\",\"@graph\":[{\"@type\":\"WebPage\",\"@id\":\"https:\\\/\\\/www.agsdevices.com\\\/mx\\\/privacy-policy\\\/\",\"url\":\"https:\\\/\\\/www.agsdevices.com\\\/mx\\\/privacy-policy\\\/\",\"name\":\"POL\u00cdTICA DE PRIVACIDAD - AGS Devices\",\"isPartOf\":{\"@id\":\"https:\\\/\\\/www.agsdevices.com\\\/mx\\\/#website\"},\"datePublished\":\"2023-05-05T15:23:59+00:00\",\"dateModified\":\"2025-09-17T16:29:48+00:00\",\"breadcrumb\":{\"@id\":\"https:\\\/\\\/www.agsdevices.com\\\/mx\\\/privacy-policy\\\/#breadcrumb\"},\"inLanguage\":\"es-MX\",\"potentialAction\":[{\"@type\":\"ReadAction\",\"target\":[\"https:\\\/\\\/www.agsdevices.com\\\/mx\\\/privacy-policy\\\/\"]}]},{\"@type\":\"BreadcrumbList\",\"@id\":\"https:\\\/\\\/www.agsdevices.com\\\/mx\\\/privacy-policy\\\/#breadcrumb\",\"itemListElement\":[{\"@type\":\"ListItem\",\"position\":1,\"name\":\"Home\",\"item\":\"https:\\\/\\\/www.agsdevices.com\\\/mx\\\/home\\\/\"},{\"@type\":\"ListItem\",\"position\":2,\"name\":\"POL\u00cdTICA DE PRIVACIDAD\"}]},{\"@type\":\"WebSite\",\"@id\":\"https:\\\/\\\/www.agsdevices.com\\\/mx\\\/#website\",\"url\":\"https:\\\/\\\/www.agsdevices.com\\\/mx\\\/\",\"name\":\"AGS Devices\",\"description\":\"\",\"potentialAction\":[{\"@type\":\"SearchAction\",\"target\":{\"@type\":\"EntryPoint\",\"urlTemplate\":\"https:\\\/\\\/www.agsdevices.com\\\/mx\\\/?s={search_term_string}\"},\"query-input\":{\"@type\":\"PropertyValueSpecification\",\"valueRequired\":true,\"valueName\":\"search_term_string\"}}],\"inLanguage\":\"es-MX\"}]}<\/script>\n<!-- \/ Yoast SEO plugin. -->","yoast_head_json":{"title":"POL\u00cdTICA DE PRIVACIDAD - AGS Devices","robots":{"index":"index","follow":"follow","max-snippet":"max-snippet:-1","max-image-preview":"max-image-preview:large","max-video-preview":"max-video-preview:-1"},"canonical":"https:\/\/www.agsdevices.com\/mx\/privacy-policy\/","og_locale":"es_MX","og_type":"article","og_title":"POL\u00cdTICA DE PRIVACIDAD - AGS Devices","og_description":"POL\u00cdTICA DE PRIVACIDAD Qui\u00e9nes somos La direcci\u00f3n de nuestro sitio web es: https:\/\/www.agsdevices.com\/&nbsp;&nbsp; Nuestro compromiso con la privacidad Su privacidad es importante para AGS&nbsp;Devices. Con el fin de proteger mejor su privacidad, AGS&nbsp;Devices proporciona una descripci\u00f3n de nuestras pr\u00e1cticas de informaci\u00f3n, incluida la forma en que recopilamos informaci\u00f3n, por qu\u00e9 la recopilamos y c\u00f3mo se...","og_url":"https:\/\/www.agsdevices.com\/mx\/privacy-policy\/","og_site_name":"AGS Devices","article_modified_time":"2025-09-17T16:29:48+00:00","twitter_card":"summary_large_image","schema":{"@context":"https:\/\/schema.org","@graph":[{"@type":"WebPage","@id":"https:\/\/www.agsdevices.com\/mx\/privacy-policy\/","url":"https:\/\/www.agsdevices.com\/mx\/privacy-policy\/","name":"POL\u00cdTICA DE PRIVACIDAD - AGS Devices","isPartOf":{"@id":"https:\/\/www.agsdevices.com\/mx\/#website"},"datePublished":"2023-05-05T15:23:59+00:00","dateModified":"2025-09-17T16:29:48+00:00","breadcrumb":{"@id":"https:\/\/www.agsdevices.com\/mx\/privacy-policy\/#breadcrumb"},"inLanguage":"es-MX","potentialAction":[{"@type":"ReadAction","target":["https:\/\/www.agsdevices.com\/mx\/privacy-policy\/"]}]},{"@type":"BreadcrumbList","@id":"https:\/\/www.agsdevices.com\/mx\/privacy-policy\/#breadcrumb","itemListElement":[{"@type":"ListItem","position":1,"name":"Home","item":"https:\/\/www.agsdevices.com\/mx\/home\/"},{"@type":"ListItem","position":2,"name":"POL\u00cdTICA DE PRIVACIDAD"}]},{"@type":"WebSite","@id":"https:\/\/www.agsdevices.com\/mx\/#website","url":"https:\/\/www.agsdevices.com\/mx\/","name":"AGS Devices","description":"","potentialAction":[{"@type":"SearchAction","target":{"@type":"EntryPoint","urlTemplate":"https:\/\/www.agsdevices.com\/mx\/?s={search_term_string}"},"query-input":{"@type":"PropertyValueSpecification","valueRequired":true,"valueName":"search_term_string"}}],"inLanguage":"es-MX"}]}},"_links":{"self":[{"href":"https:\/\/www.agsdevices.com\/mx\/wp-json\/wp\/v2\/pages\/7931","targetHints":{"allow":["GET"]}}],"collection":[{"href":"https:\/\/www.agsdevices.com\/mx\/wp-json\/wp\/v2\/pages"}],"about":[{"href":"https:\/\/www.agsdevices.com\/mx\/wp-json\/wp\/v2\/types\/page"}],"author":[{"embeddable":true,"href":"https:\/\/www.agsdevices.com\/mx\/wp-json\/wp\/v2\/users\/1"}],"replies":[{"embeddable":true,"href":"https:\/\/www.agsdevices.com\/mx\/wp-json\/wp\/v2\/comments?post=7931"}],"version-history":[{"count":2,"href":"https:\/\/www.agsdevices.com\/mx\/wp-json\/wp\/v2\/pages\/7931\/revisions"}],"predecessor-version":[{"id":8076,"href":"https:\/\/www.agsdevices.com\/mx\/wp-json\/wp\/v2\/pages\/7931\/revisions\/8076"}],"wp:attachment":[{"href":"https:\/\/www.agsdevices.com\/mx\/wp-json\/wp\/v2\/media?parent=7931"}],"curies":[{"name":"wp","href":"https:\/\/api.w.org\/{rel}","templated":true}]}}