{"id":7919,"date":"2023-06-01T17:02:17","date_gmt":"2023-06-01T17:02:17","guid":{"rendered":"https:\/\/www.agsdevices.com\/product\/"},"modified":"2023-06-01T17:02:17","modified_gmt":"2023-06-01T17:02:17","slug":"product","status":"publish","type":"page","link":"https:\/\/www.agsdevices.com\/mx\/product\/","title":{"rendered":"Product"},"content":{"rendered":"<div class=\"m-wrapper gt-s gb-s wrap-footer-spacer container-fluid\" >\n    \t\n\t\n    <div class=\"m-wrapper__inner\">\n        \n<div class=\"m-accordion gt gb\"  >\n\n\t\n\t\n    <div class=\"m-accordion__container container\" style=\"\">\n\t\t\n<div class=\"l-accordion l-accordion-v1 order-default js-acc-wrapper icons-plus-minus\" style=\"--c-block-gl: 0px;--c-block-gr: 0px;--c-block-gt: 0px;--c-block-gb: 0px;--columns-ratio: 50%;\"  data-animation=\"js\" data-close=\"true\">\n\n\t\n        <div class=\"l-accordion__col l-accordion__content\">\n\n\t\t\t    <div class=\"c-heading -h2 \">\n\t\t\n\t\t\n\t\t\t\t\t<h2  class=\"c-heading__title\">Preguntas frecuentes<\/h2>\t\t\n\t\t    <\/div>\n\n            <div class=\"c-accordion c-accordion-v1\">\n\t\t\t\t\n\t\t\t\t\t\n<div class=\"c-accordion__item js-acc-item is-active\">\n\t\t\t\n\t\t<h3  class=\"c-accordion__title-wrap -h3\">        <button class=\"js-acc-button c-accordion__title\">\n\t\t\t\t\t\t\u00bfQu\u00e9 tan r\u00e1pidos son los tiempos de respuesta luego de una solicitud de cotizaci\u00f3n?         <\/button>\n\t\t<\/h3>\t\n    <div class=\"js-acc-content\">\n\t\t\t\t            <div class=\"c-accordion__content\">\n                <div class=\"is-wysiwyg\">\n\t\t\t\t\t<p>Todos los art\u00edculos en existencia se cotizar\u00e1n el mismo d\u00eda que se reciba la solicitud. Si existe la posibilidad de un retraso, nuestro personal dedicado le informar\u00e1 de inmediato.<\/p>\n                <\/div>\n\t\t\t\t            <\/div>\n\t\t    <\/div>\n\n<\/div>\n\n\t\t\t\t\t\n\t\t\t\t\t\n<div class=\"c-accordion__item js-acc-item\">\n\t\t\t\n\t\t<h3  class=\"c-accordion__title-wrap -h3\">        <button class=\"js-acc-button c-accordion__title\">\n\t\t\t\t\t\t\u00bfQu\u00e9 condiciones de pago hay disponibles?        <\/button>\n\t\t<\/h3>\t\n    <div class=\"js-acc-content\">\n\t\t\t\t            <div class=\"c-accordion__content\">\n                <div class=\"is-wysiwyg\">\n\t\t\t\t\t<p>Tarjetas de cr\u00e9dito (Visa\/MasterCard\/Amex\/Discover)<\/p>\n<p>Cheque cuando se entregue (Check on Delivery, COD)<\/p>\n<p>PayPal<\/p>\n<p>Giro\/Transferencia electr\u00f3nica v\u00eda ACH<\/p>\n<p>T\u00e9rminos netos (se requiere solicitud de cr\u00e9dito)<\/p>\n                <\/div>\n\t\t\t\t            <\/div>\n\t\t    <\/div>\n\n<\/div>\n\n\t\t\t\t\t\n\t\t\t\t\t\n<div class=\"c-accordion__item js-acc-item\">\n\t\t\t\n\t\t<h3  class=\"c-accordion__title-wrap -h3\">        <button class=\"js-acc-button c-accordion__title\">\n\t\t\t\t\t\t\u00bfQu\u00e9 tan pronto se env\u00edan los pedidos?        <\/button>\n\t\t<\/h3>\t\n    <div class=\"js-acc-content\">\n\t\t\t\t            <div class=\"c-accordion__content\">\n                <div class=\"is-wysiwyg\">\n\t\t\t\t\t<p>Todas las piezas en existencia se pueden enviar el mismo d\u00eda que se recibe el pedido. Sin embargo, esto depende de las condiciones de pago y de si el pedido se recibe antes de las 3:00 p. m., hora est\u00e1ndar del este.<\/p>\n                <\/div>\n\t\t\t\t            <\/div>\n\t\t    <\/div>\n\n<\/div>\n\n\t\t\t\t\t            <\/div>\n\n\t\t\t\n        <\/div>\n\n        <div class=\"l-accordion__col l-accordion__media\">\n\t\t\t                <div class=\"c-accordion__media c-accordion__media--has-overlay is-active\">\n\n\t\t\t\t\t    <div class=\"c-image front-h-left front-v-center main-h-full main-v-top r-none is-image\">\n\n\t\t            <div class=\"c-image__media c-image__primary\">\n                <img decoding=\"async\" class=\"c-image__src\" src=\"https:\/\/www.agsdevices.com\/wp-content\/uploads\/2023\/06\/our-core-values-with-gradient-min.png\" loading=\"lazy\" alt=\"our-core-values-with-gradient-min\">\n            <\/div>\n\t\t\n\t\t\n    <\/div>\n\n\t\t\t\t\t\n                <\/div>\n\t\t\t        <\/div>\n\n\t\n<\/div>\n    <\/div>\n<\/div>\n\n\n    <\/div>\n<\/div>\n","protected":false},"excerpt":{"rendered":"","protected":false},"author":1,"featured_media":0,"parent":0,"menu_order":0,"comment_status":"closed","ping_status":"closed","template":"templates\/template-product.php","meta":{"_acf_changed":false,"inline_featured_image":false,"footnotes":""},"class_list":["post-7919","page","type-page","status-publish","hentry"],"acf":[],"yoast_head":"<!-- This site is optimized with the Yoast SEO plugin v27.5 - https:\/\/yoast.com\/product\/yoast-seo-wordpress\/ -->\n<title>Product - AGS Devices<\/title>\n<meta name=\"robots\" content=\"index, follow, max-snippet:-1, max-image-preview:large, max-video-preview:-1\" \/>\n<link rel=\"canonical\" href=\"https:\/\/www.agsdevices.com\/mx\/product\/\" \/>\n<meta property=\"og:locale\" content=\"es_MX\" \/>\n<meta property=\"og:type\" content=\"article\" \/>\n<meta property=\"og:title\" content=\"Product - AGS Devices\" \/>\n<meta property=\"og:url\" content=\"https:\/\/www.agsdevices.com\/mx\/product\/\" \/>\n<meta property=\"og:site_name\" content=\"AGS Devices\" \/>\n<meta name=\"twitter:card\" content=\"summary_large_image\" \/>\n<script type=\"application\/ld+json\" class=\"yoast-schema-graph\">{\"@context\":\"https:\\\/\\\/schema.org\",\"@graph\":[{\"@type\":\"WebPage\",\"@id\":\"https:\\\/\\\/www.agsdevices.com\\\/mx\\\/product\\\/\",\"url\":\"https:\\\/\\\/www.agsdevices.com\\\/mx\\\/product\\\/\",\"name\":\"Product - AGS Devices\",\"isPartOf\":{\"@id\":\"https:\\\/\\\/www.agsdevices.com\\\/mx\\\/#website\"},\"datePublished\":\"2023-06-01T17:02:17+00:00\",\"breadcrumb\":{\"@id\":\"https:\\\/\\\/www.agsdevices.com\\\/mx\\\/product\\\/#breadcrumb\"},\"inLanguage\":\"es-MX\",\"potentialAction\":[{\"@type\":\"ReadAction\",\"target\":[\"https:\\\/\\\/www.agsdevices.com\\\/mx\\\/product\\\/\"]}]},{\"@type\":\"BreadcrumbList\",\"@id\":\"https:\\\/\\\/www.agsdevices.com\\\/mx\\\/product\\\/#breadcrumb\",\"itemListElement\":[{\"@type\":\"ListItem\",\"position\":1,\"name\":\"Home\",\"item\":\"https:\\\/\\\/www.agsdevices.com\\\/mx\\\/home\\\/\"},{\"@type\":\"ListItem\",\"position\":2,\"name\":\"Product\"}]},{\"@type\":\"WebSite\",\"@id\":\"https:\\\/\\\/www.agsdevices.com\\\/mx\\\/#website\",\"url\":\"https:\\\/\\\/www.agsdevices.com\\\/mx\\\/\",\"name\":\"AGS Devices\",\"description\":\"\",\"potentialAction\":[{\"@type\":\"SearchAction\",\"target\":{\"@type\":\"EntryPoint\",\"urlTemplate\":\"https:\\\/\\\/www.agsdevices.com\\\/mx\\\/?s={search_term_string}\"},\"query-input\":{\"@type\":\"PropertyValueSpecification\",\"valueRequired\":true,\"valueName\":\"search_term_string\"}}],\"inLanguage\":\"es-MX\"}]}<\/script>\n<!-- \/ Yoast SEO plugin. -->","yoast_head_json":{"title":"Product - AGS Devices","robots":{"index":"index","follow":"follow","max-snippet":"max-snippet:-1","max-image-preview":"max-image-preview:large","max-video-preview":"max-video-preview:-1"},"canonical":"https:\/\/www.agsdevices.com\/mx\/product\/","og_locale":"es_MX","og_type":"article","og_title":"Product - AGS Devices","og_url":"https:\/\/www.agsdevices.com\/mx\/product\/","og_site_name":"AGS Devices","twitter_card":"summary_large_image","schema":{"@context":"https:\/\/schema.org","@graph":[{"@type":"WebPage","@id":"https:\/\/www.agsdevices.com\/mx\/product\/","url":"https:\/\/www.agsdevices.com\/mx\/product\/","name":"Product - AGS Devices","isPartOf":{"@id":"https:\/\/www.agsdevices.com\/mx\/#website"},"datePublished":"2023-06-01T17:02:17+00:00","breadcrumb":{"@id":"https:\/\/www.agsdevices.com\/mx\/product\/#breadcrumb"},"inLanguage":"es-MX","potentialAction":[{"@type":"ReadAction","target":["https:\/\/www.agsdevices.com\/mx\/product\/"]}]},{"@type":"BreadcrumbList","@id":"https:\/\/www.agsdevices.com\/mx\/product\/#breadcrumb","itemListElement":[{"@type":"ListItem","position":1,"name":"Home","item":"https:\/\/www.agsdevices.com\/mx\/home\/"},{"@type":"ListItem","position":2,"name":"Product"}]},{"@type":"WebSite","@id":"https:\/\/www.agsdevices.com\/mx\/#website","url":"https:\/\/www.agsdevices.com\/mx\/","name":"AGS Devices","description":"","potentialAction":[{"@type":"SearchAction","target":{"@type":"EntryPoint","urlTemplate":"https:\/\/www.agsdevices.com\/mx\/?s={search_term_string}"},"query-input":{"@type":"PropertyValueSpecification","valueRequired":true,"valueName":"search_term_string"}}],"inLanguage":"es-MX"}]}},"_links":{"self":[{"href":"https:\/\/www.agsdevices.com\/mx\/wp-json\/wp\/v2\/pages\/7919","targetHints":{"allow":["GET"]}}],"collection":[{"href":"https:\/\/www.agsdevices.com\/mx\/wp-json\/wp\/v2\/pages"}],"about":[{"href":"https:\/\/www.agsdevices.com\/mx\/wp-json\/wp\/v2\/types\/page"}],"author":[{"embeddable":true,"href":"https:\/\/www.agsdevices.com\/mx\/wp-json\/wp\/v2\/users\/1"}],"replies":[{"embeddable":true,"href":"https:\/\/www.agsdevices.com\/mx\/wp-json\/wp\/v2\/comments?post=7919"}],"version-history":[{"count":0,"href":"https:\/\/www.agsdevices.com\/mx\/wp-json\/wp\/v2\/pages\/7919\/revisions"}],"wp:attachment":[{"href":"https:\/\/www.agsdevices.com\/mx\/wp-json\/wp\/v2\/media?parent=7919"}],"curies":[{"name":"wp","href":"https:\/\/api.w.org\/{rel}","templated":true}]}}