{"id":4371,"date":"2023-05-05T15:23:59","date_gmt":"2023-05-05T15:23:59","guid":{"rendered":"https:\/\/www.agsdevices.com\/privacy-policy\/"},"modified":"2023-08-24T14:49:18","modified_gmt":"2023-08-24T14:49:18","slug":"privacy-policy","status":"publish","type":"page","link":"https:\/\/www.agsdevices.com\/fr\/privacy-policy\/","title":{"rendered":"POLITIQUE DE CONFIDENTIALIT\u00c9"},"content":{"rendered":"\n<h1 class=\"wp-block-heading has-text-align-center\">POLITIQUE DE CONFIDENTIALIT\u00c9<\/h1>\n\n\n\n<h2 class=\"wp-block-heading\">Notre activit\u00e9<\/h2>\n\n\n\n<p>L\u2019adresse de notre site Web est la suivante\u00a0: <a href=\"https:\/\/www.agsdevices.com\/fr\/\" target=\"_blank\" rel=\"noreferrer noopener\">https:\/\/www.agsdevices.com\/<\/a>\u00a0\u00a0<\/p>\n\n\n\n<h2 class=\"wp-block-heading\">Notre engagement en mati\u00e8re de protection de la vie priv\u00e9e<\/h2>\n\n\n\n<p>Votre vie priv\u00e9e nous importe. Pour mieux prot\u00e9ger votre vie priv\u00e9e, AGS\u00a0Devices d\u00e9crit ses pratiques en mati\u00e8re de traitement des informations, notamment la mani\u00e8re dont nous recueillons les informations, les raisons pour lesquelles nous le faisons et les modalit\u00e9s d\u2019utilisation de ces\u00a0informations<\/p>\n\n\n\n<h2 class=\"wp-block-heading\">Informations collect\u00e9es\u00a0<\/h2>\n\n\n\n<p>Nous recueillons les informations saisies dans nos formulaires et pages de contact. Ces&nbsp;informations doivent nous \u00eatre express\u00e9ment et volontairement transmises. AGS&nbsp;Devices ne les recueille pas si vous n\u2019avez pas pris sciemment la d\u00e9cision de nous les communiquer.<\/p>\n\n\n\n<p>Parmi les informations que vous pouvez communiquer figurent notamment votre nom, votre adresse e-mail et votre num\u00e9ro de t\u00e9l\u00e9phone. Les informations concernent les projets, les services et la facturation. Les informations peuvent \u00e9galement \u00eatre collect\u00e9es \u00e0 l\u2019occasion d\u2019\u00e9changes t\u00e9l\u00e9phoniques ou par e-mail par l\u2019interm\u00e9diaire des repr\u00e9sentants officiels d\u2019AGS&nbsp;Devices.<\/p>\n\n\n\n<p>Par ailleurs, AGS&nbsp;Devices peut collecter des informations concernant des tiers qui sont explicitement li\u00e9es \u00e0 vous, \u00e0 votre projet ou aux services que vous avez demand\u00e9s.<\/p>\n\n\n\n<h2 class=\"wp-block-heading\">Modalit\u00e9s d\u2019utilisation des informations collect\u00e9es par AGS\u00a0Devices<\/h2>\n\n\n\n<p>Les informations collect\u00e9es par AGS\u00a0Devices sont utilis\u00e9es pour vous proposer des services. Parmi\u00a0les utilisations possibles de vos informations, citons notamment le support web, le service client\u00e8le, les mises \u00e0 jour par e-mail du projet, les bulletins d\u2019information et les contacts directs concernant le projet et les services.<\/p>\n\n\n\n<h2 class=\"wp-block-heading\">Commentaires<\/h2>\n\n\n\n<p>Quand les visiteurs formulent des commentaires sur le site, nous collectons les donn\u00e9es indiqu\u00e9es dans le formulaire de commentaires, ainsi que l\u2019adresse IP du visiteur et la cha\u00eene de l\u2019agent utilisateur du navigateur pour faciliter la d\u00e9tection des spams.<\/p>\n\n\n\n<p>Une cha\u00eene anonymis\u00e9e cr\u00e9\u00e9e \u00e0 partir de votre adresse e-mail (\u00e9galement appel\u00e9e hachage) peut \u00eatre fournie au service Gravatar pour voir si vous l\u2019utilisez. La politique de confidentialit\u00e9 du service Gravatar est disponible ici\u00a0: <a href=\"https:\/\/automattic.com\/privacy\/\">https:\/\/automattic.com\/privacy\/<\/a>. Apr\u00e8s approbation de votre commentaire, votre photo de profil est publiquement visible dans le contexte de votre commentaire.<\/p>\n\n\n\n<h2 class=\"wp-block-heading\">Cookies&nbsp;<\/h2>\n\n\n\n<p>Si vous laissez un commentaire sur notre site, vous pouvez choisir d\u2019enregistrer votre nom, votre\u00a0adresse e-mail et votre site Web dans des cookies. Ceux-ci ont pour but de vous faciliter la t\u00e2che et de vous \u00e9viter de devoir remplir \u00e0 nouveau vos coordonn\u00e9es quand vous laissez un autre commentaire. Ces cookies sont appliqu\u00e9s pendant un an.<\/p>\n\n\n\n<h2 class=\"wp-block-heading\">Remarketing<\/h2>\n\n\n\n<p>AGS\u00a0Devices utilise des cookies pour vous pr\u00e9senter des publicit\u00e9s de remarketing. Ces publicit\u00e9s sont bas\u00e9es sur les visites ant\u00e9rieures d\u2019un utilisateur sur <a href=\"https:\/\/www.agsdevices.com\/?page_id=2205\">https:\/\/www.agsdevices.com\/ <\/a>et peuvent \u00eatre vues sur d\u2019autres sites Internet.<\/p>\n\n\n\n<p>Les utilisateurs peuvent \u00e0 tout moment d\u00e9sactiver les cookies par l\u2019interm\u00e9diaire de Google en acc\u00e9dant au gestionnaire des pr\u00e9f\u00e9rences de Google Ads.<\/p>\n\n\n\n<h2 class=\"wp-block-heading\">Sites Web tiers\u00a0<\/h2>\n\n\n\n<p>Le site Web d\u2019AGS&nbsp;Devices peut contenir des liens vers des sites Web tiers. AGS&nbsp;Devices n\u2019a aucun contr\u00f4le sur ces sites Web ou leur contenu, qui disposent de leurs propres politiques de protection de&nbsp;la vie priv\u00e9e, uniques et ind\u00e9pendantes. Par cons\u00e9quent, nous n\u2019assumons aucune responsabilit\u00e9 \u00e0&nbsp;l\u2019\u00e9gard de ces sites web.<\/p>\n\n\n\n<p>AGS&nbsp;Devices ne cautionne pas non plus ces sites web, notamment les informations et les produits qui&nbsp;y sont pr\u00e9sent\u00e9s. Si vous choisissez de visiter l\u2019un des sites web tiers li\u00e9s au pr\u00e9sent site web, vous le faites \u00e0 votre propre discr\u00e9tion et \u00e0 vos propres risques.<\/p>\n\n\n\n<h2 class=\"wp-block-heading\">AGS\u00a0Devices s\u2019engage \u00e0 assurer la s\u00e9curit\u00e9 des donn\u00e9e<\/h2>\n\n\n\n<p>Pour garantir la s\u00e9curit\u00e9 des donn\u00e9es, l\u2019utilisation correcte des informations et leur exactitude, AGS\u00a0Devices a mis en place des pratiques adapt\u00e9es pour prot\u00e9ger les informations qu\u2019elle recueille en ligne et hors ligne.<\/p>\n\n\n\n<h2 class=\"wp-block-heading\">Notre politique de confidentialit\u00e9 et votre consentement<\/h2>\n\n\n\n<p>En utilisant notre site Web, vous acceptez la politique de confidentialit\u00e9 d\u2019AGS&nbsp;Devices.<\/p>\n\n\n\n<p>Si nous avons des modifications \u00e0 apporter \u00e0 notre politique de confidentialit\u00e9, elles seront publi\u00e9es sur cette page Web.<\/p>\n","protected":false},"excerpt":{"rendered":"<p>POLITIQUE DE CONFIDENTIALIT\u00c9 Notre activit\u00e9 L\u2019adresse de notre site Web est la suivante\u00a0: https:\/\/www.agsdevices.com\/\u00a0\u00a0 Notre engagement en mati\u00e8re de protection de la vie priv\u00e9e Votre vie priv\u00e9e nous importe. Pour mieux prot\u00e9ger votre vie priv\u00e9e, AGS\u00a0Devices d\u00e9crit ses pratiques en mati\u00e8re de traitement des informations, notamment la mani\u00e8re dont nous recueillons les informations, les raisons&#8230;<\/p>\n","protected":false},"author":1,"featured_media":0,"parent":0,"menu_order":0,"comment_status":"closed","ping_status":"closed","template":"templates\/template-simple-text.php","meta":{"_acf_changed":false,"inline_featured_image":false,"footnotes":""},"class_list":["post-4371","page","type-page","status-publish","hentry"],"acf":[],"yoast_head":"<!-- This site is optimized with the Yoast SEO plugin v27.4 - https:\/\/yoast.com\/product\/yoast-seo-wordpress\/ -->\n<title>POLITIQUE DE CONFIDENTIALIT\u00c9 - AGS Devices<\/title>\n<meta name=\"robots\" content=\"index, follow, max-snippet:-1, max-image-preview:large, max-video-preview:-1\" \/>\n<link rel=\"canonical\" href=\"https:\/\/www.agsdevices.com\/fr\/privacy-policy\/\" \/>\n<meta property=\"og:locale\" content=\"fr_FR\" \/>\n<meta property=\"og:type\" content=\"article\" \/>\n<meta property=\"og:title\" content=\"POLITIQUE DE CONFIDENTIALIT\u00c9 - AGS Devices\" \/>\n<meta property=\"og:description\" content=\"POLITIQUE DE CONFIDENTIALIT\u00c9 Notre activit\u00e9 L\u2019adresse de notre site Web est la suivante\u00a0: https:\/\/www.agsdevices.com\/\u00a0\u00a0 Notre engagement en mati\u00e8re de protection de la vie priv\u00e9e Votre vie priv\u00e9e nous importe. Pour mieux prot\u00e9ger votre vie priv\u00e9e, AGS\u00a0Devices d\u00e9crit ses pratiques en mati\u00e8re de traitement des informations, notamment la mani\u00e8re dont nous recueillons les informations, les raisons...\" \/>\n<meta property=\"og:url\" content=\"https:\/\/www.agsdevices.com\/fr\/privacy-policy\/\" \/>\n<meta property=\"og:site_name\" content=\"AGS Devices\" \/>\n<meta property=\"article:modified_time\" content=\"2023-08-24T14:49:18+00:00\" \/>\n<meta name=\"twitter:card\" content=\"summary_large_image\" \/>\n<meta name=\"twitter:label1\" content=\"Dur\u00e9e de lecture estim\u00e9e\" \/>\n\t<meta name=\"twitter:data1\" content=\"3 minutes\" \/>\n<script type=\"application\/ld+json\" class=\"yoast-schema-graph\">{\"@context\":\"https:\\\/\\\/schema.org\",\"@graph\":[{\"@type\":\"WebPage\",\"@id\":\"https:\\\/\\\/www.agsdevices.com\\\/fr\\\/privacy-policy\\\/\",\"url\":\"https:\\\/\\\/www.agsdevices.com\\\/fr\\\/privacy-policy\\\/\",\"name\":\"POLITIQUE DE CONFIDENTIALIT\u00c9 - AGS Devices\",\"isPartOf\":{\"@id\":\"https:\\\/\\\/www.agsdevices.com\\\/fr\\\/#website\"},\"datePublished\":\"2023-05-05T15:23:59+00:00\",\"dateModified\":\"2023-08-24T14:49:18+00:00\",\"breadcrumb\":{\"@id\":\"https:\\\/\\\/www.agsdevices.com\\\/fr\\\/privacy-policy\\\/#breadcrumb\"},\"inLanguage\":\"fr-FR\",\"potentialAction\":[{\"@type\":\"ReadAction\",\"target\":[\"https:\\\/\\\/www.agsdevices.com\\\/fr\\\/privacy-policy\\\/\"]}]},{\"@type\":\"BreadcrumbList\",\"@id\":\"https:\\\/\\\/www.agsdevices.com\\\/fr\\\/privacy-policy\\\/#breadcrumb\",\"itemListElement\":[{\"@type\":\"ListItem\",\"position\":1,\"name\":\"Home\",\"item\":\"https:\\\/\\\/www.agsdevices.com\\\/fr\\\/\"},{\"@type\":\"ListItem\",\"position\":2,\"name\":\"POLITIQUE DE CONFIDENTIALIT\u00c9\"}]},{\"@type\":\"WebSite\",\"@id\":\"https:\\\/\\\/www.agsdevices.com\\\/fr\\\/#website\",\"url\":\"https:\\\/\\\/www.agsdevices.com\\\/fr\\\/\",\"name\":\"AGS Devices\",\"description\":\"\",\"potentialAction\":[{\"@type\":\"SearchAction\",\"target\":{\"@type\":\"EntryPoint\",\"urlTemplate\":\"https:\\\/\\\/www.agsdevices.com\\\/fr\\\/?s={search_term_string}\"},\"query-input\":{\"@type\":\"PropertyValueSpecification\",\"valueRequired\":true,\"valueName\":\"search_term_string\"}}],\"inLanguage\":\"fr-FR\"}]}<\/script>\n<!-- \/ Yoast SEO plugin. -->","yoast_head_json":{"title":"POLITIQUE DE CONFIDENTIALIT\u00c9 - AGS Devices","robots":{"index":"index","follow":"follow","max-snippet":"max-snippet:-1","max-image-preview":"max-image-preview:large","max-video-preview":"max-video-preview:-1"},"canonical":"https:\/\/www.agsdevices.com\/fr\/privacy-policy\/","og_locale":"fr_FR","og_type":"article","og_title":"POLITIQUE DE CONFIDENTIALIT\u00c9 - AGS Devices","og_description":"POLITIQUE DE CONFIDENTIALIT\u00c9 Notre activit\u00e9 L\u2019adresse de notre site Web est la suivante\u00a0: https:\/\/www.agsdevices.com\/\u00a0\u00a0 Notre engagement en mati\u00e8re de protection de la vie priv\u00e9e Votre vie priv\u00e9e nous importe. Pour mieux prot\u00e9ger votre vie priv\u00e9e, AGS\u00a0Devices d\u00e9crit ses pratiques en mati\u00e8re de traitement des informations, notamment la mani\u00e8re dont nous recueillons les informations, les raisons...","og_url":"https:\/\/www.agsdevices.com\/fr\/privacy-policy\/","og_site_name":"AGS Devices","article_modified_time":"2023-08-24T14:49:18+00:00","twitter_card":"summary_large_image","twitter_misc":{"Dur\u00e9e de lecture estim\u00e9e":"3 minutes"},"schema":{"@context":"https:\/\/schema.org","@graph":[{"@type":"WebPage","@id":"https:\/\/www.agsdevices.com\/fr\/privacy-policy\/","url":"https:\/\/www.agsdevices.com\/fr\/privacy-policy\/","name":"POLITIQUE DE CONFIDENTIALIT\u00c9 - AGS Devices","isPartOf":{"@id":"https:\/\/www.agsdevices.com\/fr\/#website"},"datePublished":"2023-05-05T15:23:59+00:00","dateModified":"2023-08-24T14:49:18+00:00","breadcrumb":{"@id":"https:\/\/www.agsdevices.com\/fr\/privacy-policy\/#breadcrumb"},"inLanguage":"fr-FR","potentialAction":[{"@type":"ReadAction","target":["https:\/\/www.agsdevices.com\/fr\/privacy-policy\/"]}]},{"@type":"BreadcrumbList","@id":"https:\/\/www.agsdevices.com\/fr\/privacy-policy\/#breadcrumb","itemListElement":[{"@type":"ListItem","position":1,"name":"Home","item":"https:\/\/www.agsdevices.com\/fr\/"},{"@type":"ListItem","position":2,"name":"POLITIQUE DE CONFIDENTIALIT\u00c9"}]},{"@type":"WebSite","@id":"https:\/\/www.agsdevices.com\/fr\/#website","url":"https:\/\/www.agsdevices.com\/fr\/","name":"AGS Devices","description":"","potentialAction":[{"@type":"SearchAction","target":{"@type":"EntryPoint","urlTemplate":"https:\/\/www.agsdevices.com\/fr\/?s={search_term_string}"},"query-input":{"@type":"PropertyValueSpecification","valueRequired":true,"valueName":"search_term_string"}}],"inLanguage":"fr-FR"}]}},"_links":{"self":[{"href":"https:\/\/www.agsdevices.com\/fr\/wp-json\/wp\/v2\/pages\/4371","targetHints":{"allow":["GET"]}}],"collection":[{"href":"https:\/\/www.agsdevices.com\/fr\/wp-json\/wp\/v2\/pages"}],"about":[{"href":"https:\/\/www.agsdevices.com\/fr\/wp-json\/wp\/v2\/types\/page"}],"author":[{"embeddable":true,"href":"https:\/\/www.agsdevices.com\/fr\/wp-json\/wp\/v2\/users\/1"}],"replies":[{"embeddable":true,"href":"https:\/\/www.agsdevices.com\/fr\/wp-json\/wp\/v2\/comments?post=4371"}],"version-history":[{"count":1,"href":"https:\/\/www.agsdevices.com\/fr\/wp-json\/wp\/v2\/pages\/4371\/revisions"}],"predecessor-version":[{"id":4379,"href":"https:\/\/www.agsdevices.com\/fr\/wp-json\/wp\/v2\/pages\/4371\/revisions\/4379"}],"wp:attachment":[{"href":"https:\/\/www.agsdevices.com\/fr\/wp-json\/wp\/v2\/media?parent=4371"}],"curies":[{"name":"wp","href":"https:\/\/api.w.org\/{rel}","templated":true}]}}