{"id":4258,"date":"2023-06-01T17:02:17","date_gmt":"2023-06-01T17:02:17","guid":{"rendered":"https:\/\/www.agsdevices.com\/product\/"},"modified":"2023-08-09T19:49:16","modified_gmt":"2023-08-09T19:49:16","slug":"product","status":"publish","type":"page","link":"https:\/\/www.agsdevices.com\/fr\/product\/","title":{"rendered":"Product"},"content":{"rendered":"<div class=\"m-wrapper gt-s gb-s wrap-footer-spacer container-fluid\" >\n    \t\n\t\n    <div class=\"m-wrapper__inner\">\n        \n<div class=\"m-accordion gt gb\"  >\n\n\t\n\t\n    <div class=\"m-accordion__container container\" style=\"\">\n\t\t\n<div class=\"l-accordion l-accordion-v1 order-default js-acc-wrapper icons-plus-minus\" style=\"--c-block-gl: 0px;--c-block-gr: 0px;--c-block-gt: 0px;--c-block-gb: 0px;--columns-ratio: 50%;\"  data-animation=\"js\" data-close=\"true\">\n\n\t\n        <div class=\"l-accordion__col l-accordion__content\">\n\n\t\t\t    <div class=\"c-heading -h2 \">\n\t\t\n\t\t\n\t\t\t\t\t<h2  class=\"c-heading__title\">Questions fr\u00e9quemment pos\u00e9es<\/h2>\t\t\n\t\t    <\/div>\n\n            <div class=\"c-accordion c-accordion-v1\">\n\t\t\t\t\n\t\t\t\t\t\n<div class=\"c-accordion__item js-acc-item is-active\">\n\t\t\t\n\t\t<h3  class=\"c-accordion__title-wrap -h3\">        <button class=\"js-acc-button c-accordion__title\">\n\t\t\t\t\t\tQuels sont les d\u00e9lais de r\u00e9ponse aux appels d&rsquo;offres\u202f?        <\/button>\n\t\t<\/h3>\t\n    <div class=\"js-acc-content\">\n\t\t\t\t            <div class=\"c-accordion__content\">\n                <div class=\"is-wysiwyg\">\n\t\t\t\t\t<p>Tous les prix des articles en stock seront d\u00e9finis le jour de la r\u00e9ception de la demande. En cas de risque de retard, notre \u00e9quipe vous en informera imm\u00e9diatement.<\/p>\n                <\/div>\n\t\t\t\t            <\/div>\n\t\t    <\/div>\n\n<\/div>\n\n\t\t\t\t\t\n\t\t\t\t\t\n<div class=\"c-accordion__item js-acc-item\">\n\t\t\t\n\t\t<h3  class=\"c-accordion__title-wrap -h3\">        <button class=\"js-acc-button c-accordion__title\">\n\t\t\t\t\t\tQuelles sont les conditions de paiement propos\u00e9es\u202f?        <\/button>\n\t\t<\/h3>\t\n    <div class=\"js-acc-content\">\n\t\t\t\t            <div class=\"c-accordion__content\">\n                <div class=\"is-wysiwyg\">\n\t\t\t\t\t<p>Cartes bancaires (Visa\/MasterCard\/Amex\/Discover)<\/p>\n<p>Ch\u00e8que \u00e0 la livraison<\/p>\n<p>PayPal<\/p>\n<p>Virement<\/p>\n<p>Conditions nettes (n\u00e9cessite une demande de cr\u00e9dit)<\/p>\n                <\/div>\n\t\t\t\t            <\/div>\n\t\t    <\/div>\n\n<\/div>\n\n\t\t\t\t\t\n\t\t\t\t\t\n<div class=\"c-accordion__item js-acc-item\">\n\t\t\t\n\t\t<h3  class=\"c-accordion__title-wrap -h3\">        <button class=\"js-acc-button c-accordion__title\">\n\t\t\t\t\t\tQuels sont les d\u00e9lais d&rsquo;envoi des commandes\u202f?        <\/button>\n\t\t<\/h3>\t\n    <div class=\"js-acc-content\">\n\t\t\t\t            <div class=\"c-accordion__content\">\n                <div class=\"is-wysiwyg\">\n\t\t\t\t\t<p>Toutes les pi\u00e8ces en stock peuvent \u00eatre exp\u00e9di\u00e9es le jour de la r\u00e9ception de la commande\u202f; toutefois, cela d\u00e9pendra des conditions de paiement et si la commande est re\u00e7ue avant 15\u202fh\u202f00\u202fEST.<\/p>\n                <\/div>\n\t\t\t\t            <\/div>\n\t\t    <\/div>\n\n<\/div>\n\n\t\t\t\t\t            <\/div>\n\n\t\t\t\n        <\/div>\n\n        <div class=\"l-accordion__col l-accordion__media\">\n\t\t\t                <div class=\"c-accordion__media c-accordion__media--has-overlay is-active\">\n\n\t\t\t\t\t    <div class=\"c-image front-h-left front-v-center main-h-full main-v-top r-none is-image\">\n\n\t\t            <div class=\"c-image__media c-image__primary\">\n                <img decoding=\"async\" class=\"c-image__src\" src=\"https:\/\/www.agsdevices.com\/wp-content\/uploads\/2023\/06\/our-core-values-with-gradient-min.png\" loading=\"lazy\" alt=\"our-core-values-with-gradient-min\">\n            <\/div>\n\t\t\n\t\t\n    <\/div>\n\n\t\t\t\t\t\n                <\/div>\n\t\t\t        <\/div>\n\n\t\n<\/div>\n    <\/div>\n<\/div>\n\n\n    <\/div>\n<\/div>\n","protected":false},"excerpt":{"rendered":"","protected":false},"author":1,"featured_media":0,"parent":0,"menu_order":0,"comment_status":"closed","ping_status":"closed","template":"templates\/template-product.php","meta":{"_acf_changed":false,"inline_featured_image":false,"footnotes":""},"class_list":["post-4258","page","type-page","status-publish","hentry"],"acf":[],"yoast_head":"<!-- This site is optimized with the Yoast SEO plugin v27.5 - https:\/\/yoast.com\/product\/yoast-seo-wordpress\/ -->\n<title>Product - AGS Devices<\/title>\n<meta name=\"robots\" content=\"index, follow, max-snippet:-1, max-image-preview:large, max-video-preview:-1\" \/>\n<link rel=\"canonical\" href=\"https:\/\/www.agsdevices.com\/fr\/product\/\" \/>\n<meta property=\"og:locale\" content=\"fr_FR\" \/>\n<meta property=\"og:type\" content=\"article\" \/>\n<meta property=\"og:title\" content=\"Product - AGS Devices\" \/>\n<meta property=\"og:url\" content=\"https:\/\/www.agsdevices.com\/fr\/product\/\" \/>\n<meta property=\"og:site_name\" content=\"AGS Devices\" \/>\n<meta property=\"article:modified_time\" content=\"2023-08-09T19:49:16+00:00\" \/>\n<meta name=\"twitter:card\" content=\"summary_large_image\" \/>\n<script type=\"application\/ld+json\" class=\"yoast-schema-graph\">{\"@context\":\"https:\\\/\\\/schema.org\",\"@graph\":[{\"@type\":\"WebPage\",\"@id\":\"https:\\\/\\\/www.agsdevices.com\\\/fr\\\/product\\\/\",\"url\":\"https:\\\/\\\/www.agsdevices.com\\\/fr\\\/product\\\/\",\"name\":\"Product - AGS Devices\",\"isPartOf\":{\"@id\":\"https:\\\/\\\/www.agsdevices.com\\\/fr\\\/#website\"},\"datePublished\":\"2023-06-01T17:02:17+00:00\",\"dateModified\":\"2023-08-09T19:49:16+00:00\",\"breadcrumb\":{\"@id\":\"https:\\\/\\\/www.agsdevices.com\\\/fr\\\/product\\\/#breadcrumb\"},\"inLanguage\":\"fr-FR\",\"potentialAction\":[{\"@type\":\"ReadAction\",\"target\":[\"https:\\\/\\\/www.agsdevices.com\\\/fr\\\/product\\\/\"]}]},{\"@type\":\"BreadcrumbList\",\"@id\":\"https:\\\/\\\/www.agsdevices.com\\\/fr\\\/product\\\/#breadcrumb\",\"itemListElement\":[{\"@type\":\"ListItem\",\"position\":1,\"name\":\"Home\",\"item\":\"https:\\\/\\\/www.agsdevices.com\\\/fr\\\/\"},{\"@type\":\"ListItem\",\"position\":2,\"name\":\"Product\"}]},{\"@type\":\"WebSite\",\"@id\":\"https:\\\/\\\/www.agsdevices.com\\\/fr\\\/#website\",\"url\":\"https:\\\/\\\/www.agsdevices.com\\\/fr\\\/\",\"name\":\"AGS Devices\",\"description\":\"\",\"potentialAction\":[{\"@type\":\"SearchAction\",\"target\":{\"@type\":\"EntryPoint\",\"urlTemplate\":\"https:\\\/\\\/www.agsdevices.com\\\/fr\\\/?s={search_term_string}\"},\"query-input\":{\"@type\":\"PropertyValueSpecification\",\"valueRequired\":true,\"valueName\":\"search_term_string\"}}],\"inLanguage\":\"fr-FR\"}]}<\/script>\n<!-- \/ Yoast SEO plugin. -->","yoast_head_json":{"title":"Product - AGS Devices","robots":{"index":"index","follow":"follow","max-snippet":"max-snippet:-1","max-image-preview":"max-image-preview:large","max-video-preview":"max-video-preview:-1"},"canonical":"https:\/\/www.agsdevices.com\/fr\/product\/","og_locale":"fr_FR","og_type":"article","og_title":"Product - AGS Devices","og_url":"https:\/\/www.agsdevices.com\/fr\/product\/","og_site_name":"AGS Devices","article_modified_time":"2023-08-09T19:49:16+00:00","twitter_card":"summary_large_image","schema":{"@context":"https:\/\/schema.org","@graph":[{"@type":"WebPage","@id":"https:\/\/www.agsdevices.com\/fr\/product\/","url":"https:\/\/www.agsdevices.com\/fr\/product\/","name":"Product - AGS Devices","isPartOf":{"@id":"https:\/\/www.agsdevices.com\/fr\/#website"},"datePublished":"2023-06-01T17:02:17+00:00","dateModified":"2023-08-09T19:49:16+00:00","breadcrumb":{"@id":"https:\/\/www.agsdevices.com\/fr\/product\/#breadcrumb"},"inLanguage":"fr-FR","potentialAction":[{"@type":"ReadAction","target":["https:\/\/www.agsdevices.com\/fr\/product\/"]}]},{"@type":"BreadcrumbList","@id":"https:\/\/www.agsdevices.com\/fr\/product\/#breadcrumb","itemListElement":[{"@type":"ListItem","position":1,"name":"Home","item":"https:\/\/www.agsdevices.com\/fr\/"},{"@type":"ListItem","position":2,"name":"Product"}]},{"@type":"WebSite","@id":"https:\/\/www.agsdevices.com\/fr\/#website","url":"https:\/\/www.agsdevices.com\/fr\/","name":"AGS Devices","description":"","potentialAction":[{"@type":"SearchAction","target":{"@type":"EntryPoint","urlTemplate":"https:\/\/www.agsdevices.com\/fr\/?s={search_term_string}"},"query-input":{"@type":"PropertyValueSpecification","valueRequired":true,"valueName":"search_term_string"}}],"inLanguage":"fr-FR"}]}},"_links":{"self":[{"href":"https:\/\/www.agsdevices.com\/fr\/wp-json\/wp\/v2\/pages\/4258","targetHints":{"allow":["GET"]}}],"collection":[{"href":"https:\/\/www.agsdevices.com\/fr\/wp-json\/wp\/v2\/pages"}],"about":[{"href":"https:\/\/www.agsdevices.com\/fr\/wp-json\/wp\/v2\/types\/page"}],"author":[{"embeddable":true,"href":"https:\/\/www.agsdevices.com\/fr\/wp-json\/wp\/v2\/users\/1"}],"replies":[{"embeddable":true,"href":"https:\/\/www.agsdevices.com\/fr\/wp-json\/wp\/v2\/comments?post=4258"}],"version-history":[{"count":2,"href":"https:\/\/www.agsdevices.com\/fr\/wp-json\/wp\/v2\/pages\/4258\/revisions"}],"predecessor-version":[{"id":4260,"href":"https:\/\/www.agsdevices.com\/fr\/wp-json\/wp\/v2\/pages\/4258\/revisions\/4260"}],"wp:attachment":[{"href":"https:\/\/www.agsdevices.com\/fr\/wp-json\/wp\/v2\/media?parent=4258"}],"curies":[{"name":"wp","href":"https:\/\/api.w.org\/{rel}","templated":true}]}}