{"id":4372,"date":"2023-05-05T15:23:59","date_gmt":"2023-05-05T15:23:59","guid":{"rendered":"https:\/\/www.agsdevices.com\/privacy-policy\/"},"modified":"2023-08-24T14:51:57","modified_gmt":"2023-08-24T14:51:57","slug":"privacy-policy","status":"publish","type":"page","link":"https:\/\/www.agsdevices.com\/de\/privacy-policy\/","title":{"rendered":"DATENSCHUTZRICHTLINIE"},"content":{"rendered":"\n<h1 class=\"wp-block-heading has-text-align-center\">DATENSCHUTZRICHTLINIE<\/h1>\n\n\n\n<h2 class=\"wp-block-heading\">Wer wir sind<\/h2>\n\n\n\n<p>Unsere Website-Adresse lautet: <a href=\"https:\/\/www.agsdevices.com\/de\/\" target=\"_blank\" rel=\"noreferrer noopener\">https:\/\/www.agsdevices.com\/<\/a>\u00a0\u00a0<\/p>\n\n\n\n<h2 class=\"wp-block-heading\">Unser Engagement f\u00fcr den Datenschutz<\/h2>\n\n\n\n<p>Der Schutz Ihrer Daten ist f\u00fcr AGS Devices wichtig. Um Ihre Daten besser zu sch\u00fctzen, stellt AGS Devices eine Beschreibung unserer Informationspraktiken bereit, einschlie\u00dflich der Art und Weise, wie wir Informationen sammeln, warum wir sie sammeln und wie sie verwendet werden.<\/p>\n\n\n\n<h2 class=\"wp-block-heading\">Welche Informationen sammeln wir?<\/h2>\n\n\n\n<p>Wir sammeln Informationen, die \u00fcber unsere Kontaktformulare und -seiten \u00fcbermittelt werden. Diese Informationen m\u00fcssen uns ausdr\u00fccklich und freiwillig zur Verf\u00fcgung gestellt werden \u2013 AGS Devices sammelt sie nicht, ohne dass Sie wissentlich die Entscheidung getroffen haben, sie uns zu geben.<\/p>\n\n\n\n<p>Zu den Informationen, die Sie uns zur Verf\u00fcgung stellen k\u00f6nnen, geh\u00f6ren Ihr Name, Ihre E-Mail-Adresse und Ihre Telefonnummer. Die Informationen beziehen sich auf Projekte, Dienstleistungen und Rechnungen. Informationen k\u00f6nnen auch durch Telefon- oder E-Mail-Gespr\u00e4che mit offiziellen Vertretern von AGS Devices gesammelt werden.<\/p>\n\n\n\n<p>Dar\u00fcber hinaus kann AGS Devices Informationen \u00fcber Dritte sammeln, die sich speziell auf Sie, Ihr&nbsp;Projekt oder die von Ihnen angeforderten Dienstleistungen beziehen.<\/p>\n\n\n\n<h2 class=\"wp-block-heading\">Wie verwenden wir die von uns gesammelten Informationen?\u00a0<\/h2>\n\n\n\n<p>Die Informationen, die AGS Devices sammelt, werden verwendet, um Ihnen Dienstleistungen anzubieten. Wir verwenden Ihre Daten unter anderem f\u00fcr den Web-Support, den Kundendienst, f\u00fcr\u00a0E-Mail-Updates zum Projekt, f\u00fcr Newsletter und f\u00fcr die direkte Kontaktaufnahme in Bezug auf das Projekt und die Dienstleistungen.<\/p>\n\n\n\n<h2 class=\"wp-block-heading\">Kommentare<\/h2>\n\n\n\n<p>Wenn Besucher Kommentare auf der Website hinterlassen, sammeln wir die Daten, die im Kommentarformular angezeigt werden, sowie die IP-Adresse des Besuchers und den User-Agent-String des Browsers, um die Spam-Erkennung zu erleichtern.<\/p>\n\n\n\n<p>Eine anonymisierte Zeichenfolge, die aus Ihrer E-Mail-Adresse erstellt wird (auch Hash genannt), kann dem Gravatar-Dienst zur Verf\u00fcgung gestellt werden, um zu sehen, ob Sie ihn verwenden. Die\u00a0Datenschutzrichtlinie des Gravatar-Dienstes finden Sie hier: <a href=\"https:\/\/automattic.com\/privacy\/\">https:\/\/automattic.com\/privacy\/<\/a>. Nach\u00a0der Genehmigung Ihres Kommentars ist Ihr Profilbild im Zusammenhang mit Ihrem Kommentar \u00f6ffentlich sichtbar.<\/p>\n\n\n\n<h2 class=\"wp-block-heading\">Cookies&nbsp;<\/h2>\n\n\n\n<p>Wenn Sie einen Kommentar auf unserer Website hinterlassen, k\u00f6nnen Sie der Speicherung Ihres Namens, Ihrer E-Mail-Adresse und Ihrer Website in Cookies zustimmen. Diese sind zu Ihrer Bequemlichkeit, damit Sie Ihre Daten nicht erneut eingeben m\u00fcssen, wenn Sie einen weiteren Kommentar hinterlassen. Diese Kekse sind ein Jahr lang haltbar.<\/p>\n\n\n\n<h2 class=\"wp-block-heading\">Remarketing<\/h2>\n\n\n\n<p>AGS Devices verwendet Cookies, um Remarketing-Werbung anzuzeigen. Diese basieren auf den fr\u00fcheren Besuchen eines Benutzers auf <a href=\"https:\/\/www.agsdevices.com\/de\/\">https:\/\/www.agsdevices.com\/<\/a> und k\u00f6nnen auch auf anderen Websites im Internet zu sehen sein.<\/p>\n\n\n\n<p>Sie k\u00f6nnen die Verwendung von Cookies durch Google jederzeit deaktivieren, indem Sie den Google Ads Preferences Manager besuchen.<\/p>\n\n\n\n<h2 class=\"wp-block-heading\">Websites von Drittanbietern<\/h2>\n\n\n\n<p>Die Website von AGS Devices kann Links zu Websites Dritter enthalten. AGS Devices hat keine&nbsp;Kontrolle \u00fcber diese Websites oder deren Inhalte, die ihre eigenen und unabh\u00e4ngigen Datenschutzrichtlinien haben. Wir \u00fcbernehmen daher keine Verantwortung oder Haftung f\u00fcr diese&nbsp;Websites.<\/p>\n\n\n\n<p>AGS Devices bef\u00fcrwortet auch nicht diese Websites, einschlie\u00dflich der Informationen und Produkte, die auf ihnen zu finden sind. Wenn Sie sich entscheiden, eine der auf dieser Website verlinkten Websites Dritter zu besuchen, geschieht dies nach Ihrem eigenen Ermessen und auf Ihr eigenes&nbsp;Risiko.<\/p>\n\n\n\n<h2 class=\"wp-block-heading\">AGS Devices ist der Datensicherheit verpflichtet<\/h2>\n\n\n\n<p>Um die Datensicherheit, die ordnungsgem\u00e4\u00dfe Verwendung von Informationen und die Genauigkeit der Informationen zu gew\u00e4hrleisten, verf\u00fcgt AGS Devices \u00fcber geeignete Verfahren zum Schutz der von uns online und offline erfassten Daten.<\/p>\n\n\n\n<h2 class=\"wp-block-heading\">Unsere Datenschutzrichtlinie und Ihr Einverst\u00e4ndnis<\/h2>\n\n\n\n<p>Durch die Nutzung unserer Website erkl\u00e4ren Sie sich mit der Datenschutzrichtlinie von AGS Devices einverstanden.<\/p>\n\n\n\n<p>Sollten wir \u00c4nderungen an unserer Datenschutzrichtlinie vornehmen, werden diese auf dieser Webseite ver\u00f6ffentlicht.<\/p>\n","protected":false},"excerpt":{"rendered":"<p>DATENSCHUTZRICHTLINIE Wer wir sind Unsere Website-Adresse lautet: https:\/\/www.agsdevices.com\/\u00a0\u00a0 Unser Engagement f\u00fcr den Datenschutz Der Schutz Ihrer Daten ist f\u00fcr AGS Devices wichtig. Um Ihre Daten besser zu sch\u00fctzen, stellt AGS Devices eine Beschreibung unserer Informationspraktiken bereit, einschlie\u00dflich der Art und Weise, wie wir Informationen sammeln, warum wir sie sammeln und wie sie verwendet werden. Welche&#8230;<\/p>\n","protected":false},"author":1,"featured_media":0,"parent":0,"menu_order":0,"comment_status":"closed","ping_status":"closed","template":"templates\/template-simple-text.php","meta":{"_acf_changed":false,"inline_featured_image":false,"footnotes":""},"class_list":["post-4372","page","type-page","status-publish","hentry"],"acf":[],"yoast_head":"<!-- This site is optimized with the Yoast SEO plugin v27.4 - https:\/\/yoast.com\/product\/yoast-seo-wordpress\/ -->\n<title>DATENSCHUTZRICHTLINIE - AGS Devices<\/title>\n<meta name=\"robots\" content=\"index, follow, max-snippet:-1, max-image-preview:large, max-video-preview:-1\" \/>\n<link rel=\"canonical\" href=\"https:\/\/www.agsdevices.com\/de\/privacy-policy\/\" \/>\n<meta property=\"og:locale\" content=\"de_DE\" \/>\n<meta property=\"og:type\" content=\"article\" \/>\n<meta property=\"og:title\" content=\"DATENSCHUTZRICHTLINIE - AGS Devices\" \/>\n<meta property=\"og:description\" content=\"DATENSCHUTZRICHTLINIE Wer wir sind Unsere Website-Adresse lautet: https:\/\/www.agsdevices.com\/\u00a0\u00a0 Unser Engagement f\u00fcr den Datenschutz Der Schutz Ihrer Daten ist f\u00fcr AGS Devices wichtig. Um Ihre Daten besser zu sch\u00fctzen, stellt AGS Devices eine Beschreibung unserer Informationspraktiken bereit, einschlie\u00dflich der Art und Weise, wie wir Informationen sammeln, warum wir sie sammeln und wie sie verwendet werden. Welche...\" \/>\n<meta property=\"og:url\" content=\"https:\/\/www.agsdevices.com\/de\/privacy-policy\/\" \/>\n<meta property=\"og:site_name\" content=\"AGS Devices\" \/>\n<meta property=\"article:modified_time\" content=\"2023-08-24T14:51:57+00:00\" \/>\n<meta name=\"twitter:card\" content=\"summary_large_image\" \/>\n<meta name=\"twitter:label1\" content=\"Gesch\u00e4tzte Lesezeit\" \/>\n\t<meta name=\"twitter:data1\" content=\"3\u00a0Minuten\" \/>\n<script type=\"application\/ld+json\" class=\"yoast-schema-graph\">{\"@context\":\"https:\\\/\\\/schema.org\",\"@graph\":[{\"@type\":\"WebPage\",\"@id\":\"https:\\\/\\\/www.agsdevices.com\\\/de\\\/privacy-policy\\\/\",\"url\":\"https:\\\/\\\/www.agsdevices.com\\\/de\\\/privacy-policy\\\/\",\"name\":\"DATENSCHUTZRICHTLINIE - AGS Devices\",\"isPartOf\":{\"@id\":\"https:\\\/\\\/www.agsdevices.com\\\/de\\\/#website\"},\"datePublished\":\"2023-05-05T15:23:59+00:00\",\"dateModified\":\"2023-08-24T14:51:57+00:00\",\"breadcrumb\":{\"@id\":\"https:\\\/\\\/www.agsdevices.com\\\/de\\\/privacy-policy\\\/#breadcrumb\"},\"inLanguage\":\"de\",\"potentialAction\":[{\"@type\":\"ReadAction\",\"target\":[\"https:\\\/\\\/www.agsdevices.com\\\/de\\\/privacy-policy\\\/\"]}]},{\"@type\":\"BreadcrumbList\",\"@id\":\"https:\\\/\\\/www.agsdevices.com\\\/de\\\/privacy-policy\\\/#breadcrumb\",\"itemListElement\":[{\"@type\":\"ListItem\",\"position\":1,\"name\":\"Home\",\"item\":\"https:\\\/\\\/www.agsdevices.com\\\/de\\\/\"},{\"@type\":\"ListItem\",\"position\":2,\"name\":\"DATENSCHUTZRICHTLINIE\"}]},{\"@type\":\"WebSite\",\"@id\":\"https:\\\/\\\/www.agsdevices.com\\\/de\\\/#website\",\"url\":\"https:\\\/\\\/www.agsdevices.com\\\/de\\\/\",\"name\":\"AGS Devices\",\"description\":\"\",\"potentialAction\":[{\"@type\":\"SearchAction\",\"target\":{\"@type\":\"EntryPoint\",\"urlTemplate\":\"https:\\\/\\\/www.agsdevices.com\\\/de\\\/?s={search_term_string}\"},\"query-input\":{\"@type\":\"PropertyValueSpecification\",\"valueRequired\":true,\"valueName\":\"search_term_string\"}}],\"inLanguage\":\"de\"}]}<\/script>\n<!-- \/ Yoast SEO plugin. -->","yoast_head_json":{"title":"DATENSCHUTZRICHTLINIE - AGS Devices","robots":{"index":"index","follow":"follow","max-snippet":"max-snippet:-1","max-image-preview":"max-image-preview:large","max-video-preview":"max-video-preview:-1"},"canonical":"https:\/\/www.agsdevices.com\/de\/privacy-policy\/","og_locale":"de_DE","og_type":"article","og_title":"DATENSCHUTZRICHTLINIE - AGS Devices","og_description":"DATENSCHUTZRICHTLINIE Wer wir sind Unsere Website-Adresse lautet: https:\/\/www.agsdevices.com\/\u00a0\u00a0 Unser Engagement f\u00fcr den Datenschutz Der Schutz Ihrer Daten ist f\u00fcr AGS Devices wichtig. Um Ihre Daten besser zu sch\u00fctzen, stellt AGS Devices eine Beschreibung unserer Informationspraktiken bereit, einschlie\u00dflich der Art und Weise, wie wir Informationen sammeln, warum wir sie sammeln und wie sie verwendet werden. Welche...","og_url":"https:\/\/www.agsdevices.com\/de\/privacy-policy\/","og_site_name":"AGS Devices","article_modified_time":"2023-08-24T14:51:57+00:00","twitter_card":"summary_large_image","twitter_misc":{"Gesch\u00e4tzte Lesezeit":"3\u00a0Minuten"},"schema":{"@context":"https:\/\/schema.org","@graph":[{"@type":"WebPage","@id":"https:\/\/www.agsdevices.com\/de\/privacy-policy\/","url":"https:\/\/www.agsdevices.com\/de\/privacy-policy\/","name":"DATENSCHUTZRICHTLINIE - AGS Devices","isPartOf":{"@id":"https:\/\/www.agsdevices.com\/de\/#website"},"datePublished":"2023-05-05T15:23:59+00:00","dateModified":"2023-08-24T14:51:57+00:00","breadcrumb":{"@id":"https:\/\/www.agsdevices.com\/de\/privacy-policy\/#breadcrumb"},"inLanguage":"de","potentialAction":[{"@type":"ReadAction","target":["https:\/\/www.agsdevices.com\/de\/privacy-policy\/"]}]},{"@type":"BreadcrumbList","@id":"https:\/\/www.agsdevices.com\/de\/privacy-policy\/#breadcrumb","itemListElement":[{"@type":"ListItem","position":1,"name":"Home","item":"https:\/\/www.agsdevices.com\/de\/"},{"@type":"ListItem","position":2,"name":"DATENSCHUTZRICHTLINIE"}]},{"@type":"WebSite","@id":"https:\/\/www.agsdevices.com\/de\/#website","url":"https:\/\/www.agsdevices.com\/de\/","name":"AGS Devices","description":"","potentialAction":[{"@type":"SearchAction","target":{"@type":"EntryPoint","urlTemplate":"https:\/\/www.agsdevices.com\/de\/?s={search_term_string}"},"query-input":{"@type":"PropertyValueSpecification","valueRequired":true,"valueName":"search_term_string"}}],"inLanguage":"de"}]}},"_links":{"self":[{"href":"https:\/\/www.agsdevices.com\/de\/wp-json\/wp\/v2\/pages\/4372","targetHints":{"allow":["GET"]}}],"collection":[{"href":"https:\/\/www.agsdevices.com\/de\/wp-json\/wp\/v2\/pages"}],"about":[{"href":"https:\/\/www.agsdevices.com\/de\/wp-json\/wp\/v2\/types\/page"}],"author":[{"embeddable":true,"href":"https:\/\/www.agsdevices.com\/de\/wp-json\/wp\/v2\/users\/1"}],"replies":[{"embeddable":true,"href":"https:\/\/www.agsdevices.com\/de\/wp-json\/wp\/v2\/comments?post=4372"}],"version-history":[{"count":1,"href":"https:\/\/www.agsdevices.com\/de\/wp-json\/wp\/v2\/pages\/4372\/revisions"}],"predecessor-version":[{"id":4381,"href":"https:\/\/www.agsdevices.com\/de\/wp-json\/wp\/v2\/pages\/4372\/revisions\/4381"}],"wp:attachment":[{"href":"https:\/\/www.agsdevices.com\/de\/wp-json\/wp\/v2\/media?parent=4372"}],"curies":[{"name":"wp","href":"https:\/\/api.w.org\/{rel}","templated":true}]}}